{"id":115,"date":"2022-01-14T20:50:39","date_gmt":"2022-01-14T20:50:39","guid":{"rendered":"https:\/\/e-mese.eu\/?page_id=115"},"modified":"2022-01-14T20:56:39","modified_gmt":"2022-01-14T20:56:39","slug":"puzzle","status":"publish","type":"page","link":"https:\/\/e-mese.eu\/index.php\/puzzle\/","title":{"rendered":"Puzzle"},"content":{"rendered":"\n<p><strong>K\u00f6nyvv\u00e1s\u00e1rl\u00e1s el\u0151tt<\/strong> <strong>k\u00e9rj\u00fck regisztr\u00e1ljon, vagy jelentkezzen be!<\/strong><\/p>\n\n\n\n<p><strong>K\u00f6sz\u00f6nj\u00fck!<\/strong><\/p>\n\n\n\n<p><\/p>\n\n\n\n<p class=\"has-huge-font-size\">FELT\u00d6LT\u00c9S ALATT!<\/p>\n","protected":false},"excerpt":{"rendered":"<p>K\u00f6nyvv\u00e1s\u00e1rl\u00e1s el\u0151tt k\u00e9rj\u00fck regisztr\u00e1ljon, vagy jelentkezzen be! K\u00f6sz\u00f6nj\u00fck! FELT\u00d6LT\u00c9S ALATT!<\/p>\n","protected":false},"author":1,"featured_media":0,"parent":0,"menu_order":0,"comment_status":"closed","ping_status":"closed","template":"","meta":[],"_links":{"self":[{"href":"https:\/\/e-mese.eu\/index.php\/wp-json\/wp\/v2\/pages\/115"}],"collection":[{"href":"https:\/\/e-mese.eu\/index.php\/wp-json\/wp\/v2\/pages"}],"about":[{"href":"https:\/\/e-mese.eu\/index.php\/wp-json\/wp\/v2\/types\/page"}],"author":[{"embeddable":true,"href":"https:\/\/e-mese.eu\/index.php\/wp-json\/wp\/v2\/users\/1"}],"replies":[{"embeddable":true,"href":"https:\/\/e-mese.eu\/index.php\/wp-json\/wp\/v2\/comments?post=115"}],"version-history":[{"count":3,"href":"https:\/\/e-mese.eu\/index.php\/wp-json\/wp\/v2\/pages\/115\/revisions"}],"predecessor-version":[{"id":120,"href":"https:\/\/e-mese.eu\/index.php\/wp-json\/wp\/v2\/pages\/115\/revisions\/120"}],"wp:attachment":[{"href":"https:\/\/e-mese.eu\/index.php\/wp-json\/wp\/v2\/media?parent=115"}],"curies":[{"name":"wp","href":"https:\/\/api.w.org\/{rel}","templated":true}]}}