{"id":51,"date":"2022-01-12T21:17:48","date_gmt":"2022-01-12T21:17:48","guid":{"rendered":"https:\/\/e-mese.eu\/?page_id=51"},"modified":"2022-01-12T22:03:46","modified_gmt":"2022-01-12T22:03:46","slug":"mesek","status":"publish","type":"page","link":"https:\/\/e-mese.eu\/index.php\/mesek\/","title":{"rendered":"Mes\u00e9k"},"content":{"rendered":"\n<ul class=\"has-huge-font-size\"><li>Magyar N\u00e9pmes\u00e9k<a href=\"https:\/\/e-mese.eu\/index.php\/magyar-nepmesek\/\" data-type=\"URL\" data-id=\"https:\/\/e-mese.eu\/index.php\/magyar-nepmesek\/\"><img loading=\"lazy\" width=\"2000\" height=\"2000\" class=\"wp-image-83\" style=\"width: 100px;\" src=\"https:\/\/e-mese.eu\/wp-content\/uploads\/2022\/01\/nepmese.webp\" alt=\"\" srcset=\"https:\/\/e-mese.eu\/wp-content\/uploads\/2022\/01\/nepmese.webp 2000w, https:\/\/e-mese.eu\/wp-content\/uploads\/2022\/01\/nepmese-300x300.webp 300w, https:\/\/e-mese.eu\/wp-content\/uploads\/2022\/01\/nepmese-1024x1024.webp 1024w, https:\/\/e-mese.eu\/wp-content\/uploads\/2022\/01\/nepmese-150x150.webp 150w, https:\/\/e-mese.eu\/wp-content\/uploads\/2022\/01\/nepmese-768x768.webp 768w, https:\/\/e-mese.eu\/wp-content\/uploads\/2022\/01\/nepmese-1536x1536.webp 1536w\" sizes=\"(max-width: 2000px) 100vw, 2000px\" \/><\/a><\/li><\/ul>\n\n\n\n<ul class=\"has-huge-font-size\"><li>Mici Mack\u00f3<a href=\"https:\/\/e-mese.eu\/index.php\/mici-macko\/\" data-type=\"URL\" data-id=\"https:\/\/e-mese.eu\/index.php\/mici-macko\/\"><img loading=\"lazy\" width=\"980\" height=\"1158\" class=\"wp-image-74\" style=\"width: 100px;\" src=\"https:\/\/e-mese.eu\/wp-content\/uploads\/2022\/01\/maci.jpg\" alt=\"\" srcset=\"https:\/\/e-mese.eu\/wp-content\/uploads\/2022\/01\/maci.jpg 980w, https:\/\/e-mese.eu\/wp-content\/uploads\/2022\/01\/maci-254x300.jpg 254w, https:\/\/e-mese.eu\/wp-content\/uploads\/2022\/01\/maci-867x1024.jpg 867w, https:\/\/e-mese.eu\/wp-content\/uploads\/2022\/01\/maci-768x907.jpg 768w\" sizes=\"(max-width: 980px) 100vw, 980px\" \/><\/a><\/li><\/ul>\n\n\n\n<p><\/p>\n","protected":false},"excerpt":{"rendered":"<p>Magyar N\u00e9pmes\u00e9k Mici Mack\u00f3<\/p>\n","protected":false},"author":1,"featured_media":0,"parent":0,"menu_order":0,"comment_status":"closed","ping_status":"closed","template":"","meta":[],"_links":{"self":[{"href":"https:\/\/e-mese.eu\/index.php\/wp-json\/wp\/v2\/pages\/51"}],"collection":[{"href":"https:\/\/e-mese.eu\/index.php\/wp-json\/wp\/v2\/pages"}],"about":[{"href":"https:\/\/e-mese.eu\/index.php\/wp-json\/wp\/v2\/types\/page"}],"author":[{"embeddable":true,"href":"https:\/\/e-mese.eu\/index.php\/wp-json\/wp\/v2\/users\/1"}],"replies":[{"embeddable":true,"href":"https:\/\/e-mese.eu\/index.php\/wp-json\/wp\/v2\/comments?post=51"}],"version-history":[{"count":11,"href":"https:\/\/e-mese.eu\/index.php\/wp-json\/wp\/v2\/pages\/51\/revisions"}],"predecessor-version":[{"id":85,"href":"https:\/\/e-mese.eu\/index.php\/wp-json\/wp\/v2\/pages\/51\/revisions\/85"}],"wp:attachment":[{"href":"https:\/\/e-mese.eu\/index.php\/wp-json\/wp\/v2\/media?parent=51"}],"curies":[{"name":"wp","href":"https:\/\/api.w.org\/{rel}","templated":true}]}}