{"id":53,"date":"2022-01-12T21:18:07","date_gmt":"2022-01-12T21:18:07","guid":{"rendered":"https:\/\/e-mese.eu\/?page_id=53"},"modified":"2022-02-19T20:08:32","modified_gmt":"2022-02-19T20:08:32","slug":"hangos-mesek","status":"publish","type":"page","link":"https:\/\/e-mese.eu\/index.php\/hangos-mesek\/","title":{"rendered":"Hangos mes\u00e9k"},"content":{"rendered":"\n<ul class=\"has-vivid-red-color has-text-color has-huge-font-size\"><li>Micimack\u00f3  <a href=\"https:\/\/www.youtube.com\/watch?v=uFfp40CvAHk\" data-type=\"URL\" data-id=\"https:\/\/www.youtube.com\/watch?v=uFfp40CvAHk\"><img loading=\"lazy\" width=\"980\" height=\"1158\" class=\"wp-image-74\" style=\"width: 100px;\" src=\"https:\/\/e-mese.eu\/wp-content\/uploads\/2022\/01\/maci.jpg\" alt=\"\" srcset=\"https:\/\/e-mese.eu\/wp-content\/uploads\/2022\/01\/maci.jpg 980w, https:\/\/e-mese.eu\/wp-content\/uploads\/2022\/01\/maci-254x300.jpg 254w, https:\/\/e-mese.eu\/wp-content\/uploads\/2022\/01\/maci-867x1024.jpg 867w, https:\/\/e-mese.eu\/wp-content\/uploads\/2022\/01\/maci-768x907.jpg 768w\" sizes=\"(max-width: 980px) 100vw, 980px\" \/><\/a> \u00e9s a m\u00e9zfa [16:18]<\/li><\/ul>\n\n\n\n<ul class=\"has-vivid-green-cyan-color has-text-color has-huge-font-size\"><li>Brumi <a href=\"https:\/\/www.youtube.com\/watch?v=aukPCzbv4gw&amp;t=13s\" data-type=\"URL\" data-id=\"https:\/\/www.youtube.com\/watch?v=aukPCzbv4gw&amp;t=13s\"><img loading=\"lazy\" width=\"458\" height=\"458\" class=\"wp-image-89\" style=\"width: 100px;\" src=\"https:\/\/e-mese.eu\/wp-content\/uploads\/2022\/01\/Brumi.jpg\" alt=\"\" srcset=\"https:\/\/e-mese.eu\/wp-content\/uploads\/2022\/01\/Brumi.jpg 458w, https:\/\/e-mese.eu\/wp-content\/uploads\/2022\/01\/Brumi-300x300.jpg 300w, https:\/\/e-mese.eu\/wp-content\/uploads\/2022\/01\/Brumi-150x150.jpg 150w\" sizes=\"(max-width: 458px) 100vw, 458px\" \/><\/a>Mack\u00f3v\u00e1rosban [2:31:55]<\/li><\/ul>\n\n\n\n<ul class=\"has-luminous-vivid-orange-color has-text-color has-huge-font-size\"><li>Benedek Elek mes\u00e9i<a href=\"https:\/\/www.youtube.com\/watch?v=1XAxpwdiaww&amp;t=104s\" data-type=\"URL\" data-id=\"https:\/\/www.youtube.com\/watch?v=1XAxpwdiaww&amp;t=104s\"><img loading=\"lazy\" width=\"225\" height=\"225\" class=\"wp-image-137\" style=\"width: 150px;\" src=\"https:\/\/e-mese.eu\/wp-content\/uploads\/2022\/01\/vasorr.jpeg\" alt=\"\" srcset=\"https:\/\/e-mese.eu\/wp-content\/uploads\/2022\/01\/vasorr.jpeg 225w, https:\/\/e-mese.eu\/wp-content\/uploads\/2022\/01\/vasorr-150x150.jpeg 150w\" sizes=\"(max-width: 225px) 100vw, 225px\" \/><\/a>[41:37]<\/li><\/ul>\n\n\n\n<ul class=\"has-luminous-vivid-orange-color has-text-color\"><li>A vasorr\u00fa b\u00e1ba<\/li><li>Az aranyszak\u00e1ll\u00fa ember<\/li><li>Deszkav\u00e1ri kir\u00e1lyfi<\/li><li>Pityi Palk\u00f3<\/li><li>Az aranysz\u0151r\u0171 b\u00e1r\u00e1ny<\/li><\/ul>\n\n\n\n<ul class=\"has-vivid-purple-color has-text-color has-huge-font-size\"><li>A rep\u00fcl\u0151 kast\u00e9ly <a href=\"https:\/\/www.youtube.com\/watch?v=hDrqRfz6kPQ\" data-type=\"URL\" data-id=\"https:\/\/www.youtube.com\/watch?v=hDrqRfz6kPQ\"><img loading=\"lazy\" width=\"182\" height=\"277\" class=\"wp-image-148\" style=\"width: 80px;\" src=\"https:\/\/e-mese.eu\/wp-content\/uploads\/2022\/01\/kastely-1.jpeg\" alt=\"\"><\/a> (magyar n\u00e9pmese) [42:16]<\/li><\/ul>\n\n\n\n<ul class=\"has-vivid-green-cyan-color has-text-color has-huge-font-size\"><li>Grimm legszebb mes\u00e9i <a href=\"https:\/\/www.youtube.com\/watch?v=m1hbRaisKbw&amp;t=1006s\" data-type=\"URL\" data-id=\"https:\/\/www.youtube.com\/watch?v=m1hbRaisKbw&amp;t=1006s\"><img loading=\"lazy\" width=\"300\" height=\"388\" class=\"wp-image-135\" style=\"width: 80px;\" src=\"https:\/\/e-mese.eu\/wp-content\/uploads\/2022\/01\/grimm.jpg\" alt=\"\" srcset=\"https:\/\/e-mese.eu\/wp-content\/uploads\/2022\/01\/grimm.jpg 300w, https:\/\/e-mese.eu\/wp-content\/uploads\/2022\/01\/grimm-232x300.jpg 232w\" sizes=\"(max-width: 300px) 100vw, 300px\" \/><\/a> [44:43]<\/li><\/ul>\n\n\n\n<ul class=\"has-vivid-green-cyan-color has-text-color\"><li>A lusta l\u00e1ny<\/li><\/ul>\n\n\n\n<ul class=\"has-vivid-green-cyan-color has-text-color\"><li>Okos Kati<\/li><\/ul>\n\n\n\n<ul class=\"has-vivid-green-cyan-color has-text-color\"><li>A f\u00e9lelemkeres\u0151 fi\u00fa<\/li><\/ul>\n\n\n\n<ul class=\"has-vivid-green-cyan-color has-text-color\"><li>Az aranyatsz\u00f3l\u00f3 l\u00e1ny<\/li><\/ul>\n\n\n\n<ul class=\"has-vivid-green-cyan-color has-text-color\"><li>A b\u00e9kakir\u00e1lyfi<\/li><\/ul>\n\n\n\n<ul class=\"has-vivid-green-cyan-color has-text-color\"><li>Kakaska \u00e9s ty\u00fakocska<\/li><\/ul>\n\n\n\n<ul class=\"has-luminous-vivid-amber-color has-text-color has-huge-font-size\"><li>A telhetetlen m\u00e9hecske <a href=\"https:\/\/www.youtube.com\/watch?v=8cSo2oQ-DIo\" data-type=\"URL\" class=\"fancybox-iframe\" data-id=\"https:\/\/www.youtube.com\/watch?v=8cSo2oQ-DIo\"><img loading=\"lazy\" width=\"199\" height=\"253\" class=\"wp-image-151\" style=\"width: 100px;\" src=\"https:\/\/e-mese.eu\/wp-content\/uploads\/2022\/01\/meh.png\" alt=\"\"><\/a> [7:41]<\/li><\/ul>\n\n\n\n<ul class=\"has-cyan-bluish-gray-color has-text-color has-huge-font-size\"><li>Wass Albert:  <a class=\"fancybox-iframe\" href=\"https:\/\/www.youtube.com\/watch?v=MMca0xQBshI\" data-type=\"URL\" data-id=\"https:\/\/www.youtube.com\/watch?v=MMca0xQBshI\"><img loading=\"lazy\" width=\"275\" height=\"183\" class=\"wp-image-154\" style=\"width: 150px;\" src=\"https:\/\/e-mese.eu\/wp-content\/uploads\/2022\/01\/erdo.jpeg\" alt=\"\"><\/a>  Erd\u0151k k\u00f6nyve [3:51:37]<\/li><\/ul>\n\n\n\n<ul class=\"has-vivid-cyan-blue-color has-text-color has-huge-font-size\"><li>H\u00f3feh\u00e9rke <a href=\"https:\/\/www.youtube.com\/watch?v=BJcl882w5yE\" data-type=\"URL\" data-id=\"https:\/\/www.youtube.com\/watch?v=BJcl882w5yE\"><img loading=\"lazy\" width=\"324\" height=\"155\" class=\"wp-image-157\" style=\"width: 170px;\" src=\"https:\/\/e-mese.eu\/wp-content\/uploads\/2022\/01\/hofeherke.jpeg\" alt=\"\" srcset=\"https:\/\/e-mese.eu\/wp-content\/uploads\/2022\/01\/hofeherke.jpeg 324w, https:\/\/e-mese.eu\/wp-content\/uploads\/2022\/01\/hofeherke-300x144.jpeg 300w\" sizes=\"(max-width: 324px) 100vw, 324px\" \/><\/a> \u00e9s a h\u00e9t t\u00f6rpe [7:27]<\/li><\/ul>\n\n\n\n<ul class=\"has-vivid-purple-color has-text-color has-huge-font-size\"><li>Szidb\u00e1d kalandjai 1. <a href=\"https:\/\/www.youtube.com\/watch?v=RhjL9hL_Abg\" data-type=\"URL\" data-id=\"https:\/\/www.youtube.com\/watch?v=RhjL9hL_Abg\"><img loading=\"lazy\" width=\"279\" height=\"181\" class=\"wp-image-161\" style=\"width: 150px;\" src=\"https:\/\/e-mese.eu\/wp-content\/uploads\/2022\/01\/szidbad.jpeg\" alt=\"\"><\/a> [54:41]<\/li><\/ul>\n\n\n\n<p><\/p>\n","protected":false},"excerpt":{"rendered":"<p>Micimack\u00f3 \u00e9s a m\u00e9zfa [16:18] Brumi Mack\u00f3v\u00e1rosban [2:31:55] Benedek Elek mes\u00e9i[41:37] A vasorr\u00fa b\u00e1ba Az aranyszak\u00e1ll\u00fa ember Deszkav\u00e1ri kir\u00e1lyfi Pityi Palk\u00f3 Az aranysz\u0151r\u0171 b\u00e1r\u00e1ny A rep\u00fcl\u0151 kast\u00e9ly (magyar n\u00e9pmese) [42:16] Grimm legszebb mes\u00e9i [44:43] A lusta l\u00e1ny Okos Kati A f\u00e9lelemkeres\u0151 fi\u00fa Az aranyatsz\u00f3l\u00f3 l\u00e1ny A b\u00e9kakir\u00e1lyfi Kakaska \u00e9s ty\u00fakocska A telhetetlen m\u00e9hecske [7:41] Wass [&hellip;]<\/p>\n","protected":false},"author":1,"featured_media":0,"parent":0,"menu_order":0,"comment_status":"closed","ping_status":"closed","template":"","meta":[],"_links":{"self":[{"href":"https:\/\/e-mese.eu\/index.php\/wp-json\/wp\/v2\/pages\/53"}],"collection":[{"href":"https:\/\/e-mese.eu\/index.php\/wp-json\/wp\/v2\/pages"}],"about":[{"href":"https:\/\/e-mese.eu\/index.php\/wp-json\/wp\/v2\/types\/page"}],"author":[{"embeddable":true,"href":"https:\/\/e-mese.eu\/index.php\/wp-json\/wp\/v2\/users\/1"}],"replies":[{"embeddable":true,"href":"https:\/\/e-mese.eu\/index.php\/wp-json\/wp\/v2\/comments?post=53"}],"version-history":[{"count":30,"href":"https:\/\/e-mese.eu\/index.php\/wp-json\/wp\/v2\/pages\/53\/revisions"}],"predecessor-version":[{"id":216,"href":"https:\/\/e-mese.eu\/index.php\/wp-json\/wp\/v2\/pages\/53\/revisions\/216"}],"wp:attachment":[{"href":"https:\/\/e-mese.eu\/index.php\/wp-json\/wp\/v2\/media?parent=53"}],"curies":[{"name":"wp","href":"https:\/\/api.w.org\/{rel}","templated":true}]}}