{"id":55,"date":"2022-01-12T21:18:33","date_gmt":"2022-01-12T21:18:33","guid":{"rendered":"https:\/\/e-mese.eu\/?page_id=55"},"modified":"2022-01-16T20:50:04","modified_gmt":"2022-01-16T20:50:04","slug":"rajzfilmek","status":"publish","type":"page","link":"https:\/\/e-mese.eu\/index.php\/rajzfilmek\/","title":{"rendered":"Rajzfilmek"},"content":{"rendered":"\n<ul class=\"has-huge-font-size\"><li>Szilaj a vad v\u00f6lgy parip\u00e1ja <a href=\"https:\/\/www.youtube.com\/watch?v=sNZWVWvkWbk\" data-type=\"URL\" data-id=\"https:\/\/www.youtube.com\/watch?v=sNZWVWvkWbk\"><img loading=\"lazy\" width=\"290\" height=\"174\" class=\"wp-image-165\" style=\"width: 150px;\" src=\"https:\/\/e-mese.eu\/wp-content\/uploads\/2022\/01\/szilaj.jpeg\" alt=\"\"><\/a> [1:20:01]<\/li><\/ul>\n\n\n\n<ul class=\"has-huge-font-size\"><li>Aladdin \u00e9s a <a href=\"https:\/\/www.youtube.com\/watch?v=84fN0YqybAs\" data-type=\"URL\" data-id=\"https:\/\/www.youtube.com\/watch?v=84fN0YqybAs\"><img loading=\"lazy\" width=\"273\" height=\"184\" class=\"wp-image-168\" style=\"width: 150px;\" src=\"https:\/\/e-mese.eu\/wp-content\/uploads\/2022\/01\/aladdin.jpeg\" alt=\"\"><\/a> csodal\u00e1mpa[1:00:00]<\/li><\/ul>\n\n\n\n<ul class=\"has-huge-font-size\"><li>Feh\u00e9r Agyar [44:35] <a href=\"https:\/\/www.youtube.com\/watch?v=_bScy6YmdF0&amp;list=PLJ5YyZZyP_ZWYWzHMR5N4OTB1_aVzlUlo\" data-type=\"URL\" data-id=\"https:\/\/www.youtube.com\/watch?v=_bScy6YmdF0&amp;list=PLJ5YyZZyP_ZWYWzHMR5N4OTB1_aVzlUlo\"><img loading=\"lazy\" width=\"256\" height=\"197\" class=\"wp-image-171\" style=\"width: 150px;\" src=\"https:\/\/e-mese.eu\/wp-content\/uploads\/2022\/01\/feher-agyar.jpeg\" alt=\"\"><\/a><\/li><\/ul>\n\n\n\n<ul class=\"has-huge-font-size\"><li>Magyar n\u00e9pmes\u00e9k: hetet <a href=\"https:\/\/www.youtube.com\/watch?v=8033eSvgy1k\" data-type=\"URL\" data-id=\"https:\/\/www.youtube.com\/watch?v=8033eSvgy1k\"><img loading=\"lazy\" width=\"259\" height=\"194\" class=\"wp-image-174\" style=\"width: 130px;\" src=\"https:\/\/e-mese.eu\/wp-content\/uploads\/2022\/01\/nepmese.jpeg\" alt=\"\"><\/a>  egy csap\u00e1sra [6:52]<\/li><\/ul>\n\n\n\n<ul class=\"has-huge-font-size\"><li>Hupik\u00e9k t\u00f6rpik\u00e9k <a href=\"https:\/\/www.youtube.com\/watch?v=Su-JvctoBTc\" data-type=\"URL\" data-id=\"https:\/\/www.youtube.com\/watch?v=Su-JvctoBTc\"><img loading=\"lazy\" width=\"275\" height=\"183\" class=\"wp-image-177\" style=\"width: 150px;\" src=\"https:\/\/e-mese.eu\/wp-content\/uploads\/2022\/01\/hupikek.jpeg\" alt=\"\"><\/a> [1:34:19]<\/li><\/ul>\n\n\n\n<ul class=\"has-huge-font-size\"><li>Magyar n\u00e9pmes\u00e9k: A k\u00e9t koma <a href=\"https:\/\/www.youtube.com\/watch?v=iDSRH2l7RiQ\" data-type=\"URL\" data-id=\"https:\/\/www.youtube.com\/watch?v=iDSRH2l7RiQ\"><img loading=\"lazy\" width=\"276\" height=\"183\" class=\"wp-image-182\" style=\"width: 150px;\" src=\"https:\/\/e-mese.eu\/wp-content\/uploads\/2022\/01\/nepmesek2.jpeg\" alt=\"\"><\/a>[10:02]<\/li><\/ul>\n\n\n\n<ul class=\"has-huge-font-size\"><li>Barbie Napl\u00f3k <a href=\"https:\/\/www.youtube.com\/watch?v=ARCRx9QwaFQ&amp;list=PLuOtp_62j-uGAQ0Lao6HEtiMtPfmEG5FV\" data-type=\"URL\" data-id=\"https:\/\/www.youtube.com\/watch?v=ARCRx9QwaFQ&amp;list=PLuOtp_62j-uGAQ0Lao6HEtiMtPfmEG5FV\"><img loading=\"lazy\" width=\"230\" height=\"219\" class=\"wp-image-185\" style=\"width: 120px;\" src=\"https:\/\/e-mese.eu\/wp-content\/uploads\/2022\/01\/Barbie.jpeg\" alt=\"\"><\/a> [1:10:22]<\/li><\/ul>\n\n\n\n<ul class=\"has-huge-font-size\"><li>Asterix,  <a href=\"https:\/\/www.youtube.com\/watch?v=DMi29hStSGg\" data-type=\"URL\" data-id=\"https:\/\/www.youtube.com\/watch?v=DMi29hStSGg\"><img loading=\"lazy\" width=\"194\" height=\"259\" class=\"wp-image-188\" style=\"width: 100px;\" src=\"https:\/\/e-mese.eu\/wp-content\/uploads\/2022\/01\/Asterix.jpeg\" alt=\"\"><\/a> a gall  [1:05:02]<\/li><\/ul>\n\n\n\n<p><\/p>\n","protected":false},"excerpt":{"rendered":"<p>Szilaj a vad v\u00f6lgy parip\u00e1ja [1:20:01] Aladdin \u00e9s a csodal\u00e1mpa[1:00:00] Feh\u00e9r Agyar [44:35] Magyar n\u00e9pmes\u00e9k: hetet egy csap\u00e1sra [6:52] Hupik\u00e9k t\u00f6rpik\u00e9k [1:34:19] Magyar n\u00e9pmes\u00e9k: A k\u00e9t koma [10:02] Barbie Napl\u00f3k [1:10:22] Asterix, a gall [1:05:02]<\/p>\n","protected":false},"author":1,"featured_media":0,"parent":0,"menu_order":0,"comment_status":"closed","ping_status":"closed","template":"","meta":[],"_links":{"self":[{"href":"https:\/\/e-mese.eu\/index.php\/wp-json\/wp\/v2\/pages\/55"}],"collection":[{"href":"https:\/\/e-mese.eu\/index.php\/wp-json\/wp\/v2\/pages"}],"about":[{"href":"https:\/\/e-mese.eu\/index.php\/wp-json\/wp\/v2\/types\/page"}],"author":[{"embeddable":true,"href":"https:\/\/e-mese.eu\/index.php\/wp-json\/wp\/v2\/users\/1"}],"replies":[{"embeddable":true,"href":"https:\/\/e-mese.eu\/index.php\/wp-json\/wp\/v2\/comments?post=55"}],"version-history":[{"count":10,"href":"https:\/\/e-mese.eu\/index.php\/wp-json\/wp\/v2\/pages\/55\/revisions"}],"predecessor-version":[{"id":189,"href":"https:\/\/e-mese.eu\/index.php\/wp-json\/wp\/v2\/pages\/55\/revisions\/189"}],"wp:attachment":[{"href":"https:\/\/e-mese.eu\/index.php\/wp-json\/wp\/v2\/media?parent=55"}],"curies":[{"name":"wp","href":"https:\/\/api.w.org\/{rel}","templated":true}]}}